{"id":36865,"date":"2023-12-12T18:05:17","date_gmt":"2023-12-12T18:05:17","guid":{"rendered":"https:\/\/byoliveira.com\/lista-de-desejos\/"},"modified":"2025-04-10T12:17:36","modified_gmt":"2025-04-10T12:17:36","slug":"lista-de-desejos","status":"publish","type":"page","link":"https:\/\/byoliveira.com\/pt-pt\/lista-de-desejos\/","title":{"rendered":"lista de desejos"},"content":{"rendered":"\t\t<div data-elementor-type=\"wp-page\" data-elementor-id=\"36865\" class=\"elementor elementor-36865 elementor-27494\" data-elementor-post-type=\"page\">\n\t\t\t\t<div class=\"elementor-element elementor-element-1c6b34a e-flex e-con-boxed e-con e-parent\" data-id=\"1c6b34a\" data-element_type=\"container\" data-e-type=\"container\" data-settings=\"{&quot;background_background&quot;:&quot;classic&quot;}\">\n\t\t\t\t\t<div class=\"e-con-inner\">\n\t\t\t\t<div class=\"elementor-element elementor-element-e7669c3 elementor-widget elementor-widget-heading\" data-id=\"e7669c3\" data-element_type=\"widget\" data-e-type=\"widget\" data-widget_type=\"heading.default\">\n\t\t\t\t<div class=\"elementor-widget-container\">\n\t\t\t\t\t<h1 class=\"elementor-heading-title elementor-size-default\">Minha Lista de Desejos<\/h1>\t\t\t\t<\/div>\n\t\t\t\t<\/div>\n\t\t\t\t\t<\/div>\n\t\t\t\t<\/div>\n\t\t<div class=\"elementor-element elementor-element-b92587a e-flex e-con-boxed e-con e-parent\" data-id=\"b92587a\" data-element_type=\"container\" data-e-type=\"container\">\n\t\t\t\t\t<div class=\"e-con-inner\">\n\t\t\t\t<div class=\"elementor-element elementor-element-a71cc0c elementor-widget elementor-widget-jet-wishlist\" data-id=\"a71cc0c\" data-element_type=\"widget\" data-e-type=\"widget\" data-widget_type=\"jet-wishlist.default\">\n\t\t\t\t<div class=\"elementor-widget-container\">\n\t\t\t\t\t<div class=\"jet-cw jet-wishlist\">\t\t\t<div class=\"jet-wishlist__content woocommerce jet-wishlist-products--preset-1\" data-widget-type=\"jet-wishlist\" data-widget-id=\"a71cc0c\">\n\t\t\t\t<h5 class=\"jet-wishlist-empty\">Vo\u00e7e ainda n\u00e3o adicionou nenhum produto \u00e1 sua lista de desejos<\/h5>\n\t\t\t<\/div>\n\t\t\t<\/div>\t\t\t\t<\/div>\n\t\t\t\t<\/div>\n\t\t\t\t\t<\/div>\n\t\t\t\t<\/div>\n\t\t\t\t<\/div>\n\t\t","protected":false},"excerpt":{"rendered":"<p>Minha Lista de Desejos Vo\u00e7e ainda n\u00e3o adicionou nenhum produto \u00e1 sua lista de desejos<\/p>\n","protected":false},"author":5,"featured_media":0,"parent":0,"menu_order":0,"comment_status":"closed","ping_status":"closed","template":"elementor_header_footer","meta":{"footnotes":""},"class_list":["post-36865","page","type-page","status-publish","hentry"],"_links":{"self":[{"href":"https:\/\/byoliveira.com\/pt-pt\/wp-json\/wp\/v2\/pages\/36865","targetHints":{"allow":["GET"]}}],"collection":[{"href":"https:\/\/byoliveira.com\/pt-pt\/wp-json\/wp\/v2\/pages"}],"about":[{"href":"https:\/\/byoliveira.com\/pt-pt\/wp-json\/wp\/v2\/types\/page"}],"author":[{"embeddable":true,"href":"https:\/\/byoliveira.com\/pt-pt\/wp-json\/wp\/v2\/users\/5"}],"replies":[{"embeddable":true,"href":"https:\/\/byoliveira.com\/pt-pt\/wp-json\/wp\/v2\/comments?post=36865"}],"version-history":[{"count":4,"href":"https:\/\/byoliveira.com\/pt-pt\/wp-json\/wp\/v2\/pages\/36865\/revisions"}],"predecessor-version":[{"id":43814,"href":"https:\/\/byoliveira.com\/pt-pt\/wp-json\/wp\/v2\/pages\/36865\/revisions\/43814"}],"wp:attachment":[{"href":"https:\/\/byoliveira.com\/pt-pt\/wp-json\/wp\/v2\/media?parent=36865"}],"curies":[{"name":"wp","href":"https:\/\/api.w.org\/{rel}","templated":true}]}}