{"id":20232,"date":"2022-01-11T21:48:09","date_gmt":"2022-01-11T21:48:09","guid":{"rendered":"http:\/\/byoliveira.com\/nossos-servicos\/pacotes-de-moveis\/"},"modified":"2023-12-13T15:53:00","modified_gmt":"2023-12-13T15:53:00","slug":"pacotes-de-moveis","status":"publish","type":"page","link":"https:\/\/byoliveira.com\/pt-pt\/nossos-servicos\/pacotes-de-moveis\/","title":{"rendered":"Pacotes de M\u00f3veis"},"content":{"rendered":"\t\t<div data-elementor-type=\"wp-page\" data-elementor-id=\"20232\" class=\"elementor elementor-20232 elementor-1627\" data-elementor-post-type=\"page\">\n\t\t\t\t<div class=\"elementor-element elementor-element-658f81f e-flex e-con-boxed e-con e-parent\" data-id=\"658f81f\" data-element_type=\"container\" data-e-type=\"container\" data-settings=\"{&quot;background_background&quot;:&quot;classic&quot;}\">\n\t\t\t\t\t<div class=\"e-con-inner\">\n\t\t\t\t<div class=\"elementor-element elementor-element-bff6642 elementor-widget elementor-widget-heading\" data-id=\"bff6642\" data-element_type=\"widget\" data-e-type=\"widget\" data-widget_type=\"heading.default\">\n\t\t\t\t<div class=\"elementor-widget-container\">\n\t\t\t\t\t<h1 class=\"elementor-heading-title elementor-size-default\">Pacotes de M\u00f3veis Para Sua Casa<\/h1>\t\t\t\t<\/div>\n\t\t\t\t<\/div>\n\t\t\t\t<div class=\"elementor-element elementor-element-f601d70 elementor-widget elementor-widget-text-editor\" data-id=\"f601d70\" data-element_type=\"widget\" data-e-type=\"widget\" data-widget_type=\"text-editor.default\">\n\t\t\t\t<div class=\"elementor-widget-container\">\n\t\t\t\t\t\t\t\t\t<p>Na Oliveira, podemos ajud\u00e1-lo a se instalar o mais r\u00e1pido poss\u00edvel com nossos pacotes de m\u00f3veis para casa.<\/p>\n\t\t\t\t\t\t\t\t<\/div>\n\t\t\t\t<\/div>\n\t\t\t\t\t<\/div>\n\t\t\t\t<\/div>\n\t\t<div class=\"elementor-element elementor-element-0f9f6e8 e-flex e-con-boxed e-con e-parent\" data-id=\"0f9f6e8\" data-element_type=\"container\" data-e-type=\"container\" data-settings=\"{&quot;background_background&quot;:&quot;classic&quot;}\">\n\t\t\t\t\t<div class=\"e-con-inner\">\n\t\t\t\t<div class=\"elementor-element elementor-element-7e1071c elementor-widget elementor-widget-heading\" data-id=\"7e1071c\" data-element_type=\"widget\" data-e-type=\"widget\" data-widget_type=\"heading.default\">\n\t\t\t\t<div class=\"elementor-widget-container\">\n\t\t\t\t\t<h2 class=\"elementor-heading-title elementor-size-xxl\">Em Breve<\/h2>\t\t\t\t<\/div>\n\t\t\t\t<\/div>\n\t\t\t\t<div class=\"elementor-element elementor-element-bd3d234 elementor-widget__width-inherit elementor-widget elementor-widget-heading\" data-id=\"bd3d234\" data-element_type=\"widget\" data-e-type=\"widget\" data-widget_type=\"heading.default\">\n\t\t\t\t<div class=\"elementor-widget-container\">\n\t\t\t\t\t<p class=\"elementor-heading-title elementor-size-default\">Este servi\u00e7o e p\u00e1gina ainda n\u00e3o est\u00e1 pronto. Sinta-se \u00e0 vontade para entrar em contato conosco se pudermos ajudar com mais alguma coisa.<\/p>\t\t\t\t<\/div>\n\t\t\t\t<\/div>\n\t\t\t\t<div class=\"elementor-element elementor-element-38a9c7f elementor-countdown--label-block elementor-widget elementor-widget-countdown\" data-id=\"38a9c7f\" data-element_type=\"widget\" data-e-type=\"widget\" data-widget_type=\"countdown.default\">\n\t\t\t\t<div class=\"elementor-widget-container\">\n\t\t\t\t\t\t\t<div data-evergreen-interval=\"1371540\" data-expire-actions=\"[{&quot;type&quot;:&quot;redirect&quot;,&quot;redirect_url&quot;:&quot;https:\\\/\\\/byoliveira.com\\\/pt-pt\\\/&quot;}]\" class=\"elementor-countdown-wrapper\" data-date=\"\">\n\t\t\t<div class=\"elementor-countdown-item\"><span class=\"elementor-countdown-digits elementor-countdown-days\"><\/span> <span class=\"elementor-countdown-label\">Dias<\/span><\/div><div class=\"elementor-countdown-item\"><span class=\"elementor-countdown-digits elementor-countdown-hours\"><\/span> <span class=\"elementor-countdown-label\">Horas<\/span><\/div><div class=\"elementor-countdown-item\"><span class=\"elementor-countdown-digits elementor-countdown-minutes\"><\/span> <span class=\"elementor-countdown-label\">Minutos<\/span><\/div><div class=\"elementor-countdown-item\"><span class=\"elementor-countdown-digits elementor-countdown-seconds\"><\/span> <span class=\"elementor-countdown-label\">Segundos<\/span><\/div>\t\t<\/div>\n\t\t\t\t\t\t<\/div>\n\t\t\t\t<\/div>\n\t\t\t\t<div class=\"elementor-element elementor-element-5e6cf5b elementor-widget elementor-widget-heading\" data-id=\"5e6cf5b\" data-element_type=\"widget\" data-e-type=\"widget\" data-widget_type=\"heading.default\">\n\t\t\t\t<div class=\"elementor-widget-container\">\n\t\t\t\t\t<span class=\"elementor-heading-title elementor-size-default\">D\u00favidas?<\/span>\t\t\t\t<\/div>\n\t\t\t\t<\/div>\n\t\t\t\t<div class=\"elementor-element elementor-element-9e92b5f elementor-align-center elementor-widget elementor-widget-button\" data-id=\"9e92b5f\" data-element_type=\"widget\" data-e-type=\"widget\" data-widget_type=\"button.default\">\n\t\t\t\t<div class=\"elementor-widget-container\">\n\t\t\t\t\t\t\t\t\t<div class=\"elementor-button-wrapper\">\n\t\t\t\t\t<a class=\"elementor-button elementor-button-link elementor-size-md\" href=\"#elementor-action%3Aaction%3Dpopup%3Aopen%26settings%3DeyJpZCI6MzY5NjcsInRvZ2dsZSI6ZmFsc2V9\">\n\t\t\t\t\t\t<span class=\"elementor-button-content-wrapper\">\n\t\t\t\t\t\t\t\t\t<span class=\"elementor-button-text\">Contacte-nos<\/span>\n\t\t\t\t\t<\/span>\n\t\t\t\t\t<\/a>\n\t\t\t\t<\/div>\n\t\t\t\t\t\t\t\t<\/div>\n\t\t\t\t<\/div>\n\t\t\t\t\t<\/div>\n\t\t\t\t<\/div>\n\t\t\t\t<\/div>\n\t\t","protected":false},"excerpt":{"rendered":"<p>Pacotes de M\u00f3veis Para Sua Casa Na Oliveira, podemos ajud\u00e1-lo a se instalar o mais r\u00e1pido poss\u00edvel com nossos pacotes de m\u00f3veis para casa. Em Breve Este servi\u00e7o e p\u00e1gina ainda n\u00e3o est\u00e1 pronto. Sinta-se \u00e0 vontade para entrar em contato conosco se pudermos ajudar com mais alguma coisa. Days Hours Minutes Seconds D\u00favidas? Contacte-nos<\/p>\n","protected":false},"author":5,"featured_media":0,"parent":19718,"menu_order":0,"comment_status":"closed","ping_status":"closed","template":"elementor_header_footer","meta":{"footnotes":""},"class_list":["post-20232","page","type-page","status-publish","hentry"],"_links":{"self":[{"href":"https:\/\/byoliveira.com\/pt-pt\/wp-json\/wp\/v2\/pages\/20232","targetHints":{"allow":["GET"]}}],"collection":[{"href":"https:\/\/byoliveira.com\/pt-pt\/wp-json\/wp\/v2\/pages"}],"about":[{"href":"https:\/\/byoliveira.com\/pt-pt\/wp-json\/wp\/v2\/types\/page"}],"author":[{"embeddable":true,"href":"https:\/\/byoliveira.com\/pt-pt\/wp-json\/wp\/v2\/users\/5"}],"replies":[{"embeddable":true,"href":"https:\/\/byoliveira.com\/pt-pt\/wp-json\/wp\/v2\/comments?post=20232"}],"version-history":[{"count":5,"href":"https:\/\/byoliveira.com\/pt-pt\/wp-json\/wp\/v2\/pages\/20232\/revisions"}],"predecessor-version":[{"id":37035,"href":"https:\/\/byoliveira.com\/pt-pt\/wp-json\/wp\/v2\/pages\/20232\/revisions\/37035"}],"up":[{"embeddable":true,"href":"https:\/\/byoliveira.com\/pt-pt\/wp-json\/wp\/v2\/pages\/19718"}],"wp:attachment":[{"href":"https:\/\/byoliveira.com\/pt-pt\/wp-json\/wp\/v2\/media?parent=20232"}],"curies":[{"name":"wp","href":"https:\/\/api.w.org\/{rel}","templated":true}]}}