{"id":19720,"date":"2022-01-09T14:21:23","date_gmt":"2022-01-09T14:21:23","guid":{"rendered":"http:\/\/byoliveira.com\/nos-services\/pacquets-pour-meubles\/"},"modified":"2024-02-06T16:27:49","modified_gmt":"2024-02-06T16:27:49","slug":"pacquets-pour-meubles","status":"publish","type":"page","link":"https:\/\/byoliveira.com\/fr\/nos-services\/pacquets-pour-meubles\/","title":{"rendered":"Pacquets pour Meubles"},"content":{"rendered":"\t\t<div data-elementor-type=\"wp-page\" data-elementor-id=\"19720\" class=\"elementor elementor-19720 elementor-1627\" data-elementor-post-type=\"page\">\n\t\t\t\t<div class=\"elementor-element elementor-element-658f81f e-flex e-con-boxed e-con e-parent\" data-id=\"658f81f\" data-element_type=\"container\" data-e-type=\"container\" data-settings=\"{&quot;background_background&quot;:&quot;classic&quot;}\">\n\t\t\t\t\t<div class=\"e-con-inner\">\n\t\t\t\t<div class=\"elementor-element elementor-element-bff6642 elementor-widget elementor-widget-heading\" data-id=\"bff6642\" data-element_type=\"widget\" data-e-type=\"widget\" data-widget_type=\"heading.default\">\n\t\t\t\t<div class=\"elementor-widget-container\">\n\t\t\t\t\t<h1 class=\"elementor-heading-title elementor-size-default\">Pacquets pour Meubles<\/h1>\t\t\t\t<\/div>\n\t\t\t\t<\/div>\n\t\t\t\t<div class=\"elementor-element elementor-element-f601d70 elementor-widget elementor-widget-text-editor\" data-id=\"f601d70\" data-element_type=\"widget\" data-e-type=\"widget\" data-widget_type=\"text-editor.default\">\n\t\t\t\t<div class=\"elementor-widget-container\">\n\t\t\t\t\t\t\t\t\t<p>Chez Oliveira, nous pouvons vous aider \u00e0 vous installer le plus rapidement possible avec nos pacquets pour meubles dans votre maison en Algarve.<\/p>\n\t\t\t\t\t\t\t\t<\/div>\n\t\t\t\t<\/div>\n\t\t\t\t\t<\/div>\n\t\t\t\t<\/div>\n\t\t<div class=\"elementor-element elementor-element-0f9f6e8 e-flex e-con-boxed e-con e-parent\" data-id=\"0f9f6e8\" data-element_type=\"container\" data-e-type=\"container\" data-settings=\"{&quot;background_background&quot;:&quot;classic&quot;}\">\n\t\t\t\t\t<div class=\"e-con-inner\">\n\t\t\t\t<div class=\"elementor-element elementor-element-7e1071c elementor-widget elementor-widget-heading\" data-id=\"7e1071c\" data-element_type=\"widget\" data-e-type=\"widget\" data-widget_type=\"heading.default\">\n\t\t\t\t<div class=\"elementor-widget-container\">\n\t\t\t\t\t<h2 class=\"elementor-heading-title elementor-size-xxl\">\u00c0 Venir<\/h2>\t\t\t\t<\/div>\n\t\t\t\t<\/div>\n\t\t\t\t<div class=\"elementor-element elementor-element-bd3d234 elementor-widget__width-inherit elementor-widget elementor-widget-heading\" data-id=\"bd3d234\" data-element_type=\"widget\" data-e-type=\"widget\" data-widget_type=\"heading.default\">\n\t\t\t\t<div class=\"elementor-widget-container\">\n\t\t\t\t\t<p class=\"elementor-heading-title elementor-size-default\">Ce service et cette page ne sont pas encore pr\u00eats. N'h\u00e9sitez pas \u00e0 nous contacter si nous pouvons vous aider avec autre chose.<\/p>\t\t\t\t<\/div>\n\t\t\t\t<\/div>\n\t\t\t\t<div class=\"elementor-element elementor-element-38a9c7f elementor-countdown--label-block elementor-widget elementor-widget-countdown\" data-id=\"38a9c7f\" data-element_type=\"widget\" data-e-type=\"widget\" data-widget_type=\"countdown.default\">\n\t\t\t\t<div class=\"elementor-widget-container\">\n\t\t\t\t\t\t\t<div data-evergreen-interval=\"1371540\" data-expire-actions=\"[{&quot;type&quot;:&quot;redirect&quot;,&quot;redirect_url&quot;:&quot;https:\\\/\\\/byoliveira.com\\\/fr\\\/&quot;}]\" class=\"elementor-countdown-wrapper\" data-date=\"\">\n\t\t\t<div class=\"elementor-countdown-item\"><span class=\"elementor-countdown-digits elementor-countdown-days\"><\/span> <span class=\"elementor-countdown-label\">Jours<\/span><\/div><div class=\"elementor-countdown-item\"><span class=\"elementor-countdown-digits elementor-countdown-hours\"><\/span> <span class=\"elementor-countdown-label\">Heures<\/span><\/div><div class=\"elementor-countdown-item\"><span class=\"elementor-countdown-digits elementor-countdown-minutes\"><\/span> <span class=\"elementor-countdown-label\">Minutes<\/span><\/div><div class=\"elementor-countdown-item\"><span class=\"elementor-countdown-digits elementor-countdown-seconds\"><\/span> <span class=\"elementor-countdown-label\">Secondes<\/span><\/div>\t\t<\/div>\n\t\t\t\t\t\t<\/div>\n\t\t\t\t<\/div>\n\t\t\t\t<div class=\"elementor-element elementor-element-5e6cf5b elementor-widget elementor-widget-heading\" data-id=\"5e6cf5b\" data-element_type=\"widget\" data-e-type=\"widget\" data-widget_type=\"heading.default\">\n\t\t\t\t<div class=\"elementor-widget-container\">\n\t\t\t\t\t<span class=\"elementor-heading-title elementor-size-default\">Questions et Renseignements?<\/span>\t\t\t\t<\/div>\n\t\t\t\t<\/div>\n\t\t\t\t<div class=\"elementor-element elementor-element-9e92b5f elementor-align-center elementor-widget elementor-widget-button\" data-id=\"9e92b5f\" data-element_type=\"widget\" data-e-type=\"widget\" data-widget_type=\"button.default\">\n\t\t\t\t<div class=\"elementor-widget-container\">\n\t\t\t\t\t\t\t\t\t<div class=\"elementor-button-wrapper\">\n\t\t\t\t\t<a class=\"elementor-button elementor-button-link elementor-size-md\" href=\"#elementor-action%3Aaction%3Dpopup%3Aopen%26settings%3DeyJpZCI6MTYxMjMsInRvZ2dsZSI6ZmFsc2V9\">\n\t\t\t\t\t\t<span class=\"elementor-button-content-wrapper\">\n\t\t\t\t\t\t\t\t\t<span class=\"elementor-button-text\">Contactez Oliveira<\/span>\n\t\t\t\t\t<\/span>\n\t\t\t\t\t<\/a>\n\t\t\t\t<\/div>\n\t\t\t\t\t\t\t\t<\/div>\n\t\t\t\t<\/div>\n\t\t\t\t\t<\/div>\n\t\t\t\t<\/div>\n\t\t\t\t<\/div>\n\t\t","protected":false},"excerpt":{"rendered":"<p>Pacquets pour Meubles Chez Oliveira, nous pouvons vous aider \u00e0 vous installer le plus rapidement possible avec nos pacquets pour meubles dans votre maison en Algarve. \u00c0 Venir Ce service et cette page ne sont pas encore pr\u00eats. N&rsquo;h\u00e9sitez pas \u00e0 nous contacter si nous pouvons vous aider avec autre chose. Days Hours Minutes Seconds [&hellip;]<\/p>\n","protected":false},"author":5,"featured_media":0,"parent":15959,"menu_order":0,"comment_status":"closed","ping_status":"closed","template":"elementor_header_footer","meta":{"footnotes":""},"class_list":["post-19720","page","type-page","status-publish","hentry"],"_links":{"self":[{"href":"https:\/\/byoliveira.com\/fr\/wp-json\/wp\/v2\/pages\/19720","targetHints":{"allow":["GET"]}}],"collection":[{"href":"https:\/\/byoliveira.com\/fr\/wp-json\/wp\/v2\/pages"}],"about":[{"href":"https:\/\/byoliveira.com\/fr\/wp-json\/wp\/v2\/types\/page"}],"author":[{"embeddable":true,"href":"https:\/\/byoliveira.com\/fr\/wp-json\/wp\/v2\/users\/5"}],"replies":[{"embeddable":true,"href":"https:\/\/byoliveira.com\/fr\/wp-json\/wp\/v2\/comments?post=19720"}],"version-history":[{"count":4,"href":"https:\/\/byoliveira.com\/fr\/wp-json\/wp\/v2\/pages\/19720\/revisions"}],"predecessor-version":[{"id":39091,"href":"https:\/\/byoliveira.com\/fr\/wp-json\/wp\/v2\/pages\/19720\/revisions\/39091"}],"up":[{"embeddable":true,"href":"https:\/\/byoliveira.com\/fr\/wp-json\/wp\/v2\/pages\/15959"}],"wp:attachment":[{"href":"https:\/\/byoliveira.com\/fr\/wp-json\/wp\/v2\/media?parent=19720"}],"curies":[{"name":"wp","href":"https:\/\/api.w.org\/{rel}","templated":true}]}}